{"id":1775,"date":"2023-07-20T14:33:38","date_gmt":"2023-07-20T11:33:38","guid":{"rendered":"http:\/\/amphi.com.tr\/?page_id=1775"},"modified":"2023-07-20T14:36:11","modified_gmt":"2023-07-20T11:36:11","slug":"sertifikalar","status":"publish","type":"page","link":"https:\/\/amphi.com.tr\/en\/sertifikalar\/","title":{"rendered":"Certificates"},"content":{"rendered":"<div data-elementor-type=\"wp-page\" data-elementor-id=\"1775\" class=\"elementor elementor-1775\">\n\t\t\t\t\t\t\t\t\t<section class=\"elementor-section elementor-top-section elementor-element elementor-element-07171e3 elementor-section-stretched ts-col-stretched-none ts-bg-color-over-image elementor-section-boxed elementor-section-height-default elementor-section-height-default\" data-id=\"07171e3\" data-element_type=\"section\" data-settings=\"{&quot;stretch_section&quot;:&quot;section-stretched&quot;}\">\n\t\t\t\t\t\t<div class=\"elementor-container elementor-column-gap-no\">\n\t\t\t\t\t<div class=\"elementor-column elementor-col-33 elementor-top-column elementor-element elementor-element-ee939e5 ts-bg-color-over-image\" data-id=\"ee939e5\" data-element_type=\"column\">\n\t\t\t<div class=\"elementor-widget-wrap elementor-element-populated\">\n\t\t\t\t\t\t\t\t<div class=\"elementor-element elementor-element-2213079 elementor-widget elementor-widget-ts_icon_heading\" data-id=\"2213079\" data-element_type=\"widget\" data-widget_type=\"ts_icon_heading.default\">\n\t\t\t\t<div class=\"elementor-widget-container\">\n\t\t\t<div class=\"ts-ihbox ts-ihbox-style-11 ts-ihbox-itype-icon\">\r\n\t<div class=\"ts-sbox-bgimage-layer ts-bgimage-layer\"><\/div>\r\n\t<div class=\"ts-ihbox-wrapper-bg-layer ts-bg-layer\"><\/div>\r\n\t<div class=\"ts-ihbox-inner\">\r\n\t\t<div class=\"ts-ihbox-icon ts-large-icon\">\r\n\t\t\t<div class=\"ts-ihbox-icon\"><div class=\"ts-ihbox-icon-wrapper\"><i class=\"far fa-file-pdf\"><\/i><\/div><\/div>\t\t<\/div>\r\n\t\t<div class=\"ts-ihbox-contents\">\r\n\t\t\t<h2 class=\"ts-ihbox-heading\">\r\n\t\t\t\t\t<a title=\"Link\" href=\"http:\/\/amphi.com.tr\/wp-content\/uploads\/2023\/07\/ISO_-Amphi.pdf\"><span>\r\n\t\t\t\t\t\tISO Belgesi\r\n\t\t\t\t\t<\/span><\/a>\r\n\t\t\t\t\t<\/h2>\r\n\t\t\t\t\t\r\n\t\t\t\t\t\t<\/div><!-- .ts-ihbox-contents -->\r\n\t\t\t\t\t\t<div class=\"ts-ihbox-btn\"><a title=\"Link\" href=\"http:\/\/amphi.com.tr\/wp-content\/uploads\/2023\/07\/ISO_-Amphi.pdf\"><span>G\u00d6Z AT<\/span><\/a><\/div>\t<\/div>\r\n<\/div>\r\n\t\t<\/div>\n\t\t\t\t<\/div>\n\t\t\t\t\t<\/div>\n\t\t<\/div>\n\t\t\t\t<div class=\"elementor-column elementor-col-33 elementor-top-column elementor-element elementor-element-c2eb5e1 ts-bg-color-over-image\" data-id=\"c2eb5e1\" data-element_type=\"column\">\n\t\t\t<div class=\"elementor-widget-wrap elementor-element-populated\">\n\t\t\t\t\t\t\t\t<div class=\"elementor-element elementor-element-47d5e14 elementor-widget elementor-widget-ts_icon_heading\" data-id=\"47d5e14\" data-element_type=\"widget\" data-widget_type=\"ts_icon_heading.default\">\n\t\t\t\t<div class=\"elementor-widget-container\">\n\t\t\t<div class=\"ts-ihbox ts-ihbox-style-11 ts-ihbox-itype-icon\">\r\n\t<div class=\"ts-sbox-bgimage-layer ts-bgimage-layer\"><\/div>\r\n\t<div class=\"ts-ihbox-wrapper-bg-layer ts-bg-layer\"><\/div>\r\n\t<div class=\"ts-ihbox-inner\">\r\n\t\t<div class=\"ts-ihbox-icon ts-large-icon\">\r\n\t\t\t<div class=\"ts-ihbox-icon\"><div class=\"ts-ihbox-icon-wrapper\"><i class=\"far fa-file-pdf\"><\/i><\/div><\/div>\t\t<\/div>\r\n\t\t<div class=\"ts-ihbox-contents\">\r\n\t\t\t<h2 class=\"ts-ihbox-heading\">\r\n\t\t\t\t\t<a title=\"Link\" href=\"http:\/\/amphi.com.tr\/wp-content\/uploads\/2023\/07\/TSE_Amphi.pdf\"><span>\r\n\t\t\t\t\t\tTSE Belgesi\r\n\t\t\t\t\t<\/span><\/a>\r\n\t\t\t\t\t<\/h2>\r\n\t\t\t\t\t\r\n\t\t\t\t\t\t<\/div><!-- .ts-ihbox-contents -->\r\n\t\t\t\t\t\t<div class=\"ts-ihbox-btn\"><a title=\"Link\" href=\"http:\/\/amphi.com.tr\/wp-content\/uploads\/2023\/07\/TSE_Amphi.pdf\"><span>G\u00d6Z AT<\/span><\/a><\/div>\t<\/div>\r\n<\/div>\r\n\t\t<\/div>\n\t\t\t\t<\/div>\n\t\t\t\t\t<\/div>\n\t\t<\/div>\n\t\t\t\t<div class=\"elementor-column elementor-col-33 elementor-top-column elementor-element elementor-element-759edfe ts-bg-color-over-image\" data-id=\"759edfe\" data-element_type=\"column\">\n\t\t\t<div class=\"elementor-widget-wrap elementor-element-populated\">\n\t\t\t\t\t\t\t\t<div class=\"elementor-element elementor-element-a078f32 elementor-widget elementor-widget-ts_icon_heading\" data-id=\"a078f32\" data-element_type=\"widget\" data-widget_type=\"ts_icon_heading.default\">\n\t\t\t\t<div class=\"elementor-widget-container\">\n\t\t\t<div class=\"ts-ihbox ts-ihbox-style-11 ts-ihbox-itype-icon\">\r\n\t<div class=\"ts-sbox-bgimage-layer ts-bgimage-layer\"><\/div>\r\n\t<div class=\"ts-ihbox-wrapper-bg-layer ts-bg-layer\"><\/div>\r\n\t<div class=\"ts-ihbox-inner\">\r\n\t\t<div class=\"ts-ihbox-icon ts-large-icon\">\r\n\t\t\t<div class=\"ts-ihbox-icon\"><div class=\"ts-ihbox-icon-wrapper\"><i class=\"far fa-file-pdf\"><\/i><\/div><\/div>\t\t<\/div>\r\n\t\t<div class=\"ts-ihbox-contents\">\r\n\t\t\t<h2 class=\"ts-ihbox-heading\">\r\n\t\t\t\t\t<a title=\"Link\" href=\"http:\/\/amphi.com.tr\/wp-content\/uploads\/2023\/07\/Tibbi-Cihaz-Satis-Merkezi-Yetki-Belgesi_-Amphi.pdf\"><span>\r\n\t\t\t\t\t\tCihaz Sat\u0131\u015f Yetki Belgesi\r\n\t\t\t\t\t<\/span><\/a>\r\n\t\t\t\t\t<\/h2>\r\n\t\t\t\t\t\r\n\t\t\t\t\t\t<\/div><!-- .ts-ihbox-contents -->\r\n\t\t\t\t\t\t<div class=\"ts-ihbox-btn\"><a title=\"Link\" href=\"http:\/\/amphi.com.tr\/wp-content\/uploads\/2023\/07\/Tibbi-Cihaz-Satis-Merkezi-Yetki-Belgesi_-Amphi.pdf\"><span>G\u00d6Z AT<\/span><\/a><\/div>\t<\/div>\r\n<\/div>\r\n\t\t<\/div>\n\t\t\t\t<\/div>\n\t\t\t\t\t<\/div>\n\t\t<\/div>\n\t\t\t\t\t\t\t<\/div>\n\t\t<\/section>\n\t\t\t\t\t\t\t<\/div>","protected":false},"excerpt":{"rendered":"<p>ISO Belgesi G\u00d6Z AT TSE Belgesi G\u00d6Z AT Cihaz Sat\u0131\u015f Yetki Belgesi G\u00d6Z AT<\/p>","protected":false},"author":2,"featured_media":0,"parent":0,"menu_order":0,"comment_status":"closed","ping_status":"closed","template":"","meta":[],"_links":{"self":[{"href":"https:\/\/amphi.com.tr\/en\/wp-json\/wp\/v2\/pages\/1775"}],"collection":[{"href":"https:\/\/amphi.com.tr\/en\/wp-json\/wp\/v2\/pages"}],"about":[{"href":"https:\/\/amphi.com.tr\/en\/wp-json\/wp\/v2\/types\/page"}],"author":[{"embeddable":true,"href":"https:\/\/amphi.com.tr\/en\/wp-json\/wp\/v2\/users\/2"}],"replies":[{"embeddable":true,"href":"https:\/\/amphi.com.tr\/en\/wp-json\/wp\/v2\/comments?post=1775"}],"version-history":[{"count":14,"href":"https:\/\/amphi.com.tr\/en\/wp-json\/wp\/v2\/pages\/1775\/revisions"}],"predecessor-version":[{"id":1790,"href":"https:\/\/amphi.com.tr\/en\/wp-json\/wp\/v2\/pages\/1775\/revisions\/1790"}],"wp:attachment":[{"href":"https:\/\/amphi.com.tr\/en\/wp-json\/wp\/v2\/media?parent=1775"}],"curies":[{"name":"wp","href":"https:\/\/api.w.org\/{rel}","templated":true}]}}