{"id":86,"date":"2018-08-03T08:06:05","date_gmt":"2018-08-03T05:06:05","guid":{"rendered":"https:\/\/labtechco-demo.pbminfotech.com\/?page_id=6669"},"modified":"2023-07-07T15:07:22","modified_gmt":"2023-07-07T12:07:22","slug":"hakkimizda","status":"publish","type":"page","link":"https:\/\/amphi.com.tr\/en\/hakkimizda\/","title":{"rendered":"About Us"},"content":{"rendered":"<div data-elementor-type=\"wp-page\" data-elementor-id=\"86\" class=\"elementor elementor-86\">\n\t\t\t\t\t\t\t\t\t<section class=\"elementor-section elementor-top-section elementor-element elementor-element-4381372 elementor-section-stretched ts-col-stretched-none ts-bg-color-over-image elementor-section-boxed elementor-section-height-default elementor-section-height-default\" data-id=\"4381372\" data-element_type=\"section\" data-settings=\"{&quot;stretch_section&quot;:&quot;section-stretched&quot;}\">\n\t\t\t\t\t\t<div class=\"elementor-container elementor-column-gap-default\">\n\t\t\t\t\t<div class=\"elementor-column elementor-col-100 elementor-top-column elementor-element elementor-element-bc83f22 ts-bg-color-over-image\" data-id=\"bc83f22\" data-element_type=\"column\">\n\t\t\t<div class=\"elementor-widget-wrap elementor-element-populated\">\n\t\t\t\t\t\t\t\t<div class=\"elementor-element elementor-element-25ed1c1 ts-align-left elementor-widget elementor-widget-ts_heading\" data-id=\"25ed1c1\" data-element_type=\"widget\" data-widget_type=\"ts_heading.default\">\n\t\t\t\t<div class=\"elementor-widget-container\">\n\t\t\t\t<div class=\"ts-heading-subheading  animation-style4\"><h2 class=\"ts-custom-heading ts-custom-heading-title\">\r\n\t\t\t\r\n\t\t\t\tMeet Amphi!\r\n\t\t\t\r\n\t\t\t<\/h2>\r\n\t\t<div class=\"ts-heading-desc\"> Being one of the leading companies in the medical field since its establishment in 1994, Amphi A.\u015e has been specialising in the field of Blood Centres. It supplies devices for blood banks and consumables that create bio safety in blood banks through companies that have proven their quality around the world, supported with high quality after-sale services for all medical devices it markets to its clients. Amphi has always been a leader in its field for which it provides services with the innovative products it has introduced to the market.  <\/div><\/div>\t\t<\/div>\n\t\t\t\t<\/div>\n\t\t\t\t\t<\/div>\n\t\t<\/div>\n\t\t\t\t\t\t\t<\/div>\n\t\t<\/section>\n\t\t\t\t<section class=\"elementor-section elementor-top-section elementor-element elementor-element-a1b4480 elementor-section-stretched ts-col-stretched-none ts-bg-color-over-image elementor-section-boxed elementor-section-height-default elementor-section-height-default\" data-id=\"a1b4480\" data-element_type=\"section\" data-settings=\"{&quot;stretch_section&quot;:&quot;section-stretched&quot;}\">\n\t\t\t\t\t\t<div class=\"elementor-container elementor-column-gap-default\">\n\t\t\t\t\t<div class=\"elementor-column elementor-col-100 elementor-top-column elementor-element elementor-element-71b32d3 ts-bg-color-over-image\" data-id=\"71b32d3\" data-element_type=\"column\">\n\t\t\t<div class=\"elementor-widget-wrap elementor-element-populated\">\n\t\t\t\t\t\t\t\t<div class=\"elementor-element elementor-element-b5f7d02 elementor-widget elementor-widget-image\" data-id=\"b5f7d02\" data-element_type=\"widget\" data-widget_type=\"image.default\">\n\t\t\t\t<div class=\"elementor-widget-container\">\n\t\t\t\t\t\t\t\t\t\t\t\t\t\t\t<img decoding=\"async\" width=\"1920\" height=\"900\" src=\"https:\/\/amphi.com.tr\/wp-content\/uploads\/revslider\/home-slider-13\/slider-13-c.jpg\" class=\"attachment-full size-full wp-image-227\" alt=\"\" loading=\"lazy\" srcset=\"https:\/\/amphi.com.tr\/wp-content\/uploads\/revslider\/home-slider-13\/slider-13-c.jpg 1920w, https:\/\/amphi.com.tr\/wp-content\/uploads\/revslider\/home-slider-13\/slider-13-c-300x141.jpg 300w, https:\/\/amphi.com.tr\/wp-content\/uploads\/revslider\/home-slider-13\/slider-13-c-1024x480.jpg 1024w, https:\/\/amphi.com.tr\/wp-content\/uploads\/revslider\/home-slider-13\/slider-13-c-768x360.jpg 768w, https:\/\/amphi.com.tr\/wp-content\/uploads\/revslider\/home-slider-13\/slider-13-c-1536x720.jpg 1536w\" sizes=\"(max-width: 1920px) 100vw, 1920px\" data-id=\"227\" \/>\t\t\t\t\t\t\t\t\t\t\t\t\t\t\t<\/div>\n\t\t\t\t<\/div>\n\t\t\t\t\t<\/div>\n\t\t<\/div>\n\t\t\t\t\t\t\t<\/div>\n\t\t<\/section>\n\t\t\t\t<section class=\"elementor-section elementor-top-section elementor-element elementor-element-693e571 elementor-section-stretched ts-col-stretched-none ts-bg-color-over-image elementor-section-boxed elementor-section-height-default elementor-section-height-default\" data-id=\"693e571\" data-element_type=\"section\" data-settings=\"{&quot;stretch_section&quot;:&quot;section-stretched&quot;}\">\n\t\t\t\t\t\t<div class=\"elementor-container elementor-column-gap-default\">\n\t\t\t\t\t<div class=\"elementor-column elementor-col-100 elementor-top-column elementor-element elementor-element-002e9a1 ts-bg-color-over-image\" data-id=\"002e9a1\" data-element_type=\"column\">\n\t\t\t<div class=\"elementor-widget-wrap elementor-element-populated\">\n\t\t\t\t\t\t\t\t<div class=\"elementor-element elementor-element-074627b ts-align-left elementor-widget elementor-widget-ts_heading\" data-id=\"074627b\" data-element_type=\"widget\" data-widget_type=\"ts_heading.default\">\n\t\t\t\t<div class=\"elementor-widget-container\">\n\t\t\t\t<div class=\"ts-heading-subheading  animation-style4\"><h2 class=\"ts-custom-heading ts-custom-heading-title\">\r\n\t\t\t\r\n\t\t\t\tOutstanding Achievement over Time!\r\n\t\t\t\r\n\t\t\t<\/h2>\r\n\t\t<div class=\"ts-heading-desc translation-block\">Our company has two PATENTED products; <br> <br>\n\n<strong>Blood Transplant Bag\u00ae (BTB) <\/strong> is produced by our company and is used by many Blood Centres, especially by the centres run by Turkish Red Crescent. BTB ensures the safe transportation of blood components between centres or hospital services. Sales and marketing activities for this product that is also exported abroad have been going on since 2001.<br> <br>\n\n<strong>K\u00d6KK\u0130T \u00ae<\/strong> is a kit that contains all the materials and chemicals necessary for the cryopreservation of harvested stem cells, bone marrow and cord. It allows the stem cells to be frozen in an enclosed system. This product has been sold and marketed in Turkey since 1998. <br> <br>\n\nOur company is the authorized Turkey distributor of many companies that are world leaders in medical products that they manufacture.<br> <br>\n\nSome of the companies for which we act as the distributor are <strong> Ashland - Ljunberg&amp;K\u00f6gel - Sarstedt - Delta-T - Wak Chemie GmbH - Sterilance - Alpha Scientific.<\/strong><br> <br>\n\nOur company has ISO 9001-2015 Quality Management System Certificate. <br> <br>\n\nOur company has TSE Service Adequacy Certificate.<\/div><\/div>\t\t<\/div>\n\t\t\t\t<\/div>\n\t\t\t\t\t<\/div>\n\t\t<\/div>\n\t\t\t\t\t\t\t<\/div>\n\t\t<\/section>\n\t\t\t\t<section class=\"elementor-section elementor-top-section elementor-element elementor-element-5f6f13c ts-fidbox-style-3-white  ts-custom-counter elementor-section-full_width elementor-section-stretched ts-col-stretched-none ts-bg-color-over-image elementor-section-height-default elementor-section-height-default\" data-id=\"5f6f13c\" data-element_type=\"section\" data-settings=\"{&quot;background_background&quot;:&quot;classic&quot;,&quot;stretch_section&quot;:&quot;section-stretched&quot;}\">\n\t\t\t\t\t\t<div class=\"elementor-container elementor-column-gap-no\">\n\t\t\t\t\t<div class=\"elementor-column elementor-col-33 elementor-top-column elementor-element elementor-element-035e618 ts-bg-color-over-image\" data-id=\"035e618\" data-element_type=\"column\">\n\t\t\t<div class=\"elementor-widget-wrap elementor-element-populated\">\n\t\t\t\t\t\t\t\t<div class=\"elementor-element elementor-element-cb25ad0 elementor-widget elementor-widget-ts_fid_element\" data-id=\"cb25ad0\" data-element_type=\"widget\" data-widget_type=\"ts_fid_element.default\">\n\t\t\t\t<div class=\"elementor-widget-container\">\n\t\t\t<div class=\"themestek-ele themestek-ele-fidbox themestek-ele-fidbox-style-3\">\r\n\r\n<div class=\"ts-fid inside ts-fid-boxstyle-without-icon ts-fidbox-style-3\">\r\n\t<div class=\"ts-fld-contents\">\r\n\t\t<h3 class=\"ts-fid-inner\">\r\n\t\t\t\t\t\t<span data-appear-animation=\"animateDigits\" data-from=\"0\" data-to=\"1000\" data-interval=\"5\">\r\n\t\t\t\t\t1000\t\t\t<\/span>\r\n\t\t\t<sup>+<\/sup>\t\t<\/h3>\r\n\t\t<h6 class=\"ts-fid-title\"><span>COMPLETED PROJECT<br><\/span><\/h6>\r\n\t<\/div><!-- .ts-fld-contents -->\r\n<\/div>\r\n\r\n\r\n\r\n<\/div>\t\t<\/div>\n\t\t\t\t<\/div>\n\t\t\t\t\t<\/div>\n\t\t<\/div>\n\t\t\t\t<div class=\"elementor-column elementor-col-33 elementor-top-column elementor-element elementor-element-8bf49cd ts-bg-color-over-image\" data-id=\"8bf49cd\" data-element_type=\"column\">\n\t\t\t<div class=\"elementor-widget-wrap elementor-element-populated\">\n\t\t\t\t\t\t\t\t<div class=\"elementor-element elementor-element-471a23f elementor-widget elementor-widget-ts_fid_element\" data-id=\"471a23f\" data-element_type=\"widget\" data-widget_type=\"ts_fid_element.default\">\n\t\t\t\t<div class=\"elementor-widget-container\">\n\t\t\t<div class=\"themestek-ele themestek-ele-fidbox themestek-ele-fidbox-style-3\">\r\n\r\n<div class=\"ts-fid inside ts-fid-boxstyle-without-icon ts-fidbox-style-3\">\r\n\t<div class=\"ts-fld-contents\">\r\n\t\t<h3 class=\"ts-fid-inner\">\r\n\t\t\t\t\t\t<span data-appear-animation=\"animateDigits\" data-from=\"0\" data-to=\"300\" data-interval=\"5\">\r\n\t\t\t\t\t300\t\t\t<\/span>\r\n\t\t\t<sup>+<\/sup>\t\t<\/h3>\r\n\t\t<h6 class=\"ts-fid-title\"><span>\nCORPORATE CUSTOMER<br><\/span><\/h6>\r\n\t<\/div><!-- .ts-fld-contents -->\r\n<\/div>\r\n\r\n\r\n\r\n<\/div>\t\t<\/div>\n\t\t\t\t<\/div>\n\t\t\t\t\t<\/div>\n\t\t<\/div>\n\t\t\t\t<div class=\"elementor-column elementor-col-33 elementor-top-column elementor-element elementor-element-6c01d6f ts-bg-color-over-image\" data-id=\"6c01d6f\" data-element_type=\"column\">\n\t\t\t<div class=\"elementor-widget-wrap elementor-element-populated\">\n\t\t\t\t\t\t\t\t<div class=\"elementor-element elementor-element-0dee536 elementor-widget elementor-widget-ts_fid_element\" data-id=\"0dee536\" data-element_type=\"widget\" data-widget_type=\"ts_fid_element.default\">\n\t\t\t\t<div class=\"elementor-widget-container\">\n\t\t\t<div class=\"themestek-ele themestek-ele-fidbox themestek-ele-fidbox-style-3\">\r\n\r\n<div class=\"ts-fid inside ts-fid-boxstyle-without-icon ts-fidbox-style-3\">\r\n\t<div class=\"ts-fld-contents\">\r\n\t\t<h3 class=\"ts-fid-inner\">\r\n\t\t\t\t\t\t<span data-appear-animation=\"animateDigits\" data-from=\"0\" data-to=\"2000\" data-interval=\"5\">\r\n\t\t\t\t\t2000\t\t\t<\/span>\r\n\t\t\t<sup>+<\/sup>\t\t<\/h3>\r\n\t\t<h6 class=\"ts-fid-title\"><span>PROFESSIONAL EQUIPMENT<br><\/span><\/h6>\r\n\t<\/div><!-- .ts-fld-contents -->\r\n<\/div>\r\n\r\n\r\n\r\n<\/div>\t\t<\/div>\n\t\t\t\t<\/div>\n\t\t\t\t\t<\/div>\n\t\t<\/div>\n\t\t\t\t\t\t\t<\/div>\n\t\t<\/section>\n\t\t\t\t\t\t\t<\/div>","protected":false},"excerpt":{"rendered":"<p>Amphi ile Tan\u0131\u015f\u0131n! 1994 y\u0131l\u0131ndan bu yana medikal alanda \u00f6nde gelen firmalardan olan Amphi A.\u015e, Kan Merkezi alan\u0131nda uzmanla\u015fm\u0131\u015ft\u0131r. Kan Bankalar\u0131na y\u00f6nelik cihazlar\u0131 ve kan bankalar\u0131nda biyoemniyet olu\u015fturan sarf malzemeleri d\u00fcnya \u00e7ap\u0131nda kalitesini \u0131spat etmi\u015f firmalardan temin etmektedir. Sat\u0131lan t\u00fcm cihazlara y\u00fcksek standartlarda sat\u0131\u015f sonras\u0131 hizmet vermektedir. Pazara kazand\u0131rd\u0131\u011f\u0131 yenilk\u00e7i \u00fcr\u00fcnlerle hizmet sundu\u011fu alanda her &hellip; <a href=\"https:\/\/amphi.com.tr\/en\/hakkimizda\/\" class=\"more-link\" title=\"Continue reading <span class=\"screen-reader-text\">About Us<\/span>&#8220;>Continue reading <span class=\"screen-reader-text\">About Us<\/span><\/a><\/p>","protected":false},"author":1,"featured_media":0,"parent":0,"menu_order":15,"comment_status":"closed","ping_status":"closed","template":"","meta":[],"_links":{"self":[{"href":"https:\/\/amphi.com.tr\/en\/wp-json\/wp\/v2\/pages\/86"}],"collection":[{"href":"https:\/\/amphi.com.tr\/en\/wp-json\/wp\/v2\/pages"}],"about":[{"href":"https:\/\/amphi.com.tr\/en\/wp-json\/wp\/v2\/types\/page"}],"author":[{"embeddable":true,"href":"https:\/\/amphi.com.tr\/en\/wp-json\/wp\/v2\/users\/1"}],"replies":[{"embeddable":true,"href":"https:\/\/amphi.com.tr\/en\/wp-json\/wp\/v2\/comments?post=86"}],"version-history":[{"count":28,"href":"https:\/\/amphi.com.tr\/en\/wp-json\/wp\/v2\/pages\/86\/revisions"}],"predecessor-version":[{"id":1614,"href":"https:\/\/amphi.com.tr\/en\/wp-json\/wp\/v2\/pages\/86\/revisions\/1614"}],"wp:attachment":[{"href":"https:\/\/amphi.com.tr\/en\/wp-json\/wp\/v2\/media?parent=86"}],"curies":[{"name":"wp","href":"https:\/\/api.w.org\/{rel}","templated":true}]}}