{"id":93,"date":"2018-08-03T06:04:16","date_gmt":"2018-08-03T03:04:16","guid":{"rendered":"https:\/\/labtechco-demo.pbminfotech.com\/?page_id=6602"},"modified":"2023-05-05T16:16:41","modified_gmt":"2023-05-05T13:16:41","slug":"iletisim","status":"publish","type":"page","link":"https:\/\/amphi.com.tr\/en\/iletisim\/","title":{"rendered":"Contact"},"content":{"rendered":"<div data-elementor-type=\"wp-page\" data-elementor-id=\"93\" class=\"elementor elementor-93\">\n\t\t\t\t\t\t\t\t\t<div class=\"elementor-section elementor-top-section elementor-element elementor-element-4a367f9 elementor-section-full_width elementor-section-stretched ts-col-stretched-none ts-bg-color-over-image elementor-section-height-default elementor-section-height-default\" data-id=\"4a367f9\" data-element_type=\"section\" data-settings=\"{&quot;stretch_section&quot;:&quot;section-stretched&quot;}\">\n\t\t\t\t\t\t<div class=\"elementor-container elementor-column-gap-no\">\n\t\t\t\t\t<div class=\"elementor-column elementor-col-100 elementor-top-column elementor-element elementor-element-9bc01c2 ts-bg-color-over-image\" data-id=\"9bc01c2\" data-element_type=\"column\">\n\t\t\t<div class=\"elementor-widget-wrap elementor-element-populated\">\n\t\t\t\t\t\t\t\t<div class=\"elementor-element elementor-element-548b110 elementor-widget elementor-widget-google_maps\" data-id=\"548b110\" data-element_type=\"widget\" data-widget_type=\"google_maps.default\">\n\t\t\t\t<div class=\"elementor-widget-container\">\n\t\t\t\t\t<div class=\"elementor-custom-embed\">\n\t\t\t<iframe loading=\"lazy\"\n\t\t\t\t\tsrc=\"https:\/\/maps.google.com\/maps?q=Amphi%20Ltd&#038;t=m&#038;z=17&#038;output=embed&#038;iwloc=near\"\n\t\t\t\t\ttitle=\"Amphi Ltd\"\n\t\t\t\t\taria-label=\"Amphi Ltd\"\n\t\t\t><\/iframe>\n\t\t<\/div>\n\t\t\t\t<\/div>\n\t\t\t\t<\/div>\n\t\t\t\t\t<\/div>\n\t\t<\/div>\n\t\t\t\t\t\t\t<\/div>\n\t\t<\/div>\n\t\t\t\t<section class=\"elementor-section elementor-top-section elementor-element elementor-element-ea60fe4 elementor-section-stretched ts-col-stretched-none ts-bg-color-over-image elementor-section-boxed elementor-section-height-default elementor-section-height-default\" data-id=\"ea60fe4\" data-element_type=\"section\" data-settings=\"{&quot;stretch_section&quot;:&quot;section-stretched&quot;}\">\n\t\t\t\t\t\t<div class=\"elementor-container elementor-column-gap-no\">\n\t\t\t\t\t<div class=\"elementor-column elementor-col-50 elementor-top-column elementor-element elementor-element-ab044f7 ts-bg-color-over-image\" data-id=\"ab044f7\" data-element_type=\"column\">\n\t\t\t<div class=\"elementor-widget-wrap elementor-element-populated\">\n\t\t\t\t\t\t\t\t<div class=\"elementor-element elementor-element-fd4c4b7 elementor-widget elementor-widget-heading\" data-id=\"fd4c4b7\" data-element_type=\"widget\" data-widget_type=\"heading.default\">\n\t\t\t\t<div class=\"elementor-widget-container\">\n\t\t\t<h3 class=\"elementor-heading-title elementor-size-default\">CONTACT CHANNELS<\/h3>\t\t<\/div>\n\t\t\t\t<\/div>\n\t\t\t\t<div class=\"elementor-element elementor-element-0816eeb elementor-widget elementor-widget-text-editor\" data-id=\"0816eeb\" data-element_type=\"widget\" data-widget_type=\"text-editor.default\">\n\t\t\t\t<div class=\"elementor-widget-container\">\n\t\t\t\t\t\t\t<p>You can send your thoughts, ideas, suggestions, and complaints to us without hesitation, and you can have explanatory information about all these issues.<\/p>\t\t\t\t\t\t<\/div>\n\t\t\t\t<\/div>\n\t\t\t\t<section class=\"elementor-section elementor-inner-section elementor-element elementor-element-65ccc32 ts-ihbox-style-2-contact ts-col-stretched-none ts-bg-color-over-image elementor-section-boxed elementor-section-height-default elementor-section-height-default\" data-id=\"65ccc32\" data-element_type=\"section\">\n\t\t\t\t\t\t<div class=\"elementor-container elementor-column-gap-no\">\n\t\t\t\t\t<div class=\"elementor-column elementor-col-50 elementor-inner-column elementor-element elementor-element-22e3449 ts-bg-color-over-image\" data-id=\"22e3449\" data-element_type=\"column\">\n\t\t\t<div class=\"elementor-widget-wrap elementor-element-populated\">\n\t\t\t\t\t\t\t\t<div class=\"elementor-element elementor-element-c6c1870 elementor-widget elementor-widget-ts_icon_heading\" data-id=\"c6c1870\" data-element_type=\"widget\" data-widget_type=\"ts_icon_heading.default\">\n\t\t\t\t<div class=\"elementor-widget-container\">\n\t\t\t\r\n\r\n<div class=\"ts-ihbox ts-ihbox-style-2 ts-ihbox-itype-icon\">\r\n\t<div class=\"ts-sbox-bgimage-layer ts-bgimage-layer\"><\/div>\r\n\t<div class=\"ts-ihbox-wrapper-bg-layer ts-bg-layer\"><\/div>\r\n\t\r\n\t<div class=\"ts-ihbox-inner\">\r\n\t\t<div class=\"ts-ihbox-icon ts-large-icon ts-icon-skincolor\">\r\n\t\t\t<div class=\"ts-ihbox-icon\"><div class=\"ts-ihbox-icon-wrapper\"><i class=\"ti ti-location-pin\"><\/i><\/div><\/div>\t\t<\/div>\r\n\r\n\t\t<div class=\"ts-ihbox-contents\">\r\n\t\t\t<h2 class=\"ts-ihbox-heading\">\r\n\t\t\t\t\t\r\n\t\t\t\t\t\tADRESS\r\n\t\t\t\t\t\r\n\t\t\t\t\t<\/h2>\r\n\t\t\t\t\t\r\n\t\t\t\t\t\t\t<div class=\"ts-ihbox-content\">Okul Sok. Do\u011fan Apt. <br> No: 28  D: 9 -\nAltunizade <br>\n\u00dcsk\u00fcdar - \u0130stanbul<\/div>\t\t\t\t\t<\/div><!-- .ts-sbox-contents -->\r\n\t<\/div>\t\r\n<\/div>\r\n\r\n\t\t<\/div>\n\t\t\t\t<\/div>\n\t\t\t\t\t<\/div>\n\t\t<\/div>\n\t\t\t\t<div class=\"elementor-column elementor-col-50 elementor-inner-column elementor-element elementor-element-884e52d ts-bg-color-over-image\" data-id=\"884e52d\" data-element_type=\"column\">\n\t\t\t<div class=\"elementor-widget-wrap elementor-element-populated\">\n\t\t\t\t\t\t\t\t<div class=\"elementor-element elementor-element-c2a7571 elementor-widget elementor-widget-ts_icon_heading\" data-id=\"c2a7571\" data-element_type=\"widget\" data-widget_type=\"ts_icon_heading.default\">\n\t\t\t\t<div class=\"elementor-widget-container\">\n\t\t\t\r\n\r\n<div class=\"ts-ihbox ts-ihbox-style-2 ts-ihbox-itype-icon\">\r\n\t<div class=\"ts-sbox-bgimage-layer ts-bgimage-layer\"><\/div>\r\n\t<div class=\"ts-ihbox-wrapper-bg-layer ts-bg-layer\"><\/div>\r\n\t\r\n\t<div class=\"ts-ihbox-inner\">\r\n\t\t<div class=\"ts-ihbox-icon ts-large-icon ts-icon-skincolor\">\r\n\t\t\t<div class=\"ts-ihbox-icon\"><div class=\"ts-ihbox-icon-wrapper\"><i class=\"ti ti-headphone\"><\/i><\/div><\/div>\t\t<\/div>\r\n\r\n\t\t<div class=\"ts-ihbox-contents\">\r\n\t\t\t<h2 class=\"ts-ihbox-heading\">\r\n\t\t\t\t\t\r\n\t\t\t\t\t\tPHONE \/ FAX\r\n\t\t\t\t\t\r\n\t\t\t\t\t<\/h2>\r\n\t\t\t\t\t\r\n\t\t\t\t\t\t\t<div class=\"ts-ihbox-content\">+90 (216) 327 12 35 (pbx) <br>\n+90 (216) 327 12 36<\/div>\t\t\t\t\t<\/div><!-- .ts-sbox-contents -->\r\n\t<\/div>\t\r\n<\/div>\r\n\r\n\t\t<\/div>\n\t\t\t\t<\/div>\n\t\t\t\t\t<\/div>\n\t\t<\/div>\n\t\t\t\t\t\t\t<\/div>\n\t\t<\/section>\n\t\t\t\t<section class=\"elementor-section elementor-inner-section elementor-element elementor-element-8e872d8 ts-ihbox-style-2-contact ts-col-stretched-none ts-bg-color-over-image elementor-section-boxed elementor-section-height-default elementor-section-height-default\" data-id=\"8e872d8\" data-element_type=\"section\">\n\t\t\t\t\t\t<div class=\"elementor-container elementor-column-gap-no\">\n\t\t\t\t\t<div class=\"elementor-column elementor-col-50 elementor-inner-column elementor-element elementor-element-f01c397 ts-bg-color-over-image\" data-id=\"f01c397\" data-element_type=\"column\">\n\t\t\t<div class=\"elementor-widget-wrap elementor-element-populated\">\n\t\t\t\t\t\t\t\t<div class=\"elementor-element elementor-element-64cfe43 elementor-widget elementor-widget-ts_icon_heading\" data-id=\"64cfe43\" data-element_type=\"widget\" data-widget_type=\"ts_icon_heading.default\">\n\t\t\t\t<div class=\"elementor-widget-container\">\n\t\t\t\r\n\r\n<div class=\"ts-ihbox ts-ihbox-style-2 ts-ihbox-itype-icon\">\r\n\t<div class=\"ts-sbox-bgimage-layer ts-bgimage-layer\"><\/div>\r\n\t<div class=\"ts-ihbox-wrapper-bg-layer ts-bg-layer\"><\/div>\r\n\t\r\n\t<div class=\"ts-ihbox-inner\">\r\n\t\t<div class=\"ts-ihbox-icon ts-large-icon ts-icon-skincolor\">\r\n\t\t\t<div class=\"ts-ihbox-icon\"><div class=\"ts-ihbox-icon-wrapper\"><i class=\"ti ti-email\"><\/i><\/div><\/div>\t\t<\/div>\r\n\r\n\t\t<div class=\"ts-ihbox-contents\">\r\n\t\t\t<h2 class=\"ts-ihbox-heading\">\r\n\t\t\t\t\t\r\n\t\t\t\t\t\tMAIL\r\n\t\t\t\t\t\r\n\t\t\t\t\t<\/h2>\r\n\t\t\t\t\t\r\n\t\t\t\t\t\t\t<div class=\"ts-ihbox-content\">amphi@amphi.com.tr<\/div>\t\t\t\t\t<\/div><!-- .ts-sbox-contents -->\r\n\t<\/div>\t\r\n<\/div>\r\n\r\n\t\t<\/div>\n\t\t\t\t<\/div>\n\t\t\t\t\t<\/div>\n\t\t<\/div>\n\t\t\t\t<div class=\"elementor-column elementor-col-50 elementor-inner-column elementor-element elementor-element-fbd90ed ts-bg-color-over-image\" data-id=\"fbd90ed\" data-element_type=\"column\">\n\t\t\t<div class=\"elementor-widget-wrap elementor-element-populated\">\n\t\t\t\t\t\t\t\t<div class=\"elementor-element elementor-element-15a2051 elementor-widget elementor-widget-ts_icon_heading\" data-id=\"15a2051\" data-element_type=\"widget\" data-widget_type=\"ts_icon_heading.default\">\n\t\t\t\t<div class=\"elementor-widget-container\">\n\t\t\t\r\n\r\n<div class=\"ts-ihbox ts-ihbox-style-2 ts-ihbox-itype-icon\">\r\n\t<div class=\"ts-sbox-bgimage-layer ts-bgimage-layer\"><\/div>\r\n\t<div class=\"ts-ihbox-wrapper-bg-layer ts-bg-layer\"><\/div>\r\n\t\r\n\t<div class=\"ts-ihbox-inner\">\r\n\t\t<div class=\"ts-ihbox-icon ts-large-icon ts-icon-skincolor\">\r\n\t\t\t<div class=\"ts-ihbox-icon\"><div class=\"ts-ihbox-icon-wrapper\"><i class=\"far fa-clock\"><\/i><\/div><\/div>\t\t<\/div>\r\n\r\n\t\t<div class=\"ts-ihbox-contents\">\r\n\t\t\t<h2 class=\"ts-ihbox-heading\">\r\n\t\t\t\t\t\r\n\t\t\t\t\t\tWORKING HOURS\r\n\t\t\t\t\t\r\n\t\t\t\t\t<\/h2>\r\n\t\t\t\t\t\r\n\t\t\t\t\t\t\t<div class=\"ts-ihbox-content\">Mon-Fri: 09.00 - 18.00<\/div>\t\t\t\t\t<\/div><!-- .ts-sbox-contents -->\r\n\t<\/div>\t\r\n<\/div>\r\n\r\n\t\t<\/div>\n\t\t\t\t<\/div>\n\t\t\t\t\t<\/div>\n\t\t<\/div>\n\t\t\t\t\t\t\t<\/div>\n\t\t<\/section>\n\t\t\t\t\t<\/div>\n\t\t<\/div>\n\t\t\t\t<div class=\"elementor-column elementor-col-50 elementor-top-column elementor-element elementor-element-678f791 ts-bg-color-over-image\" data-id=\"678f791\" data-element_type=\"column\">\n\t\t\t<div class=\"elementor-widget-wrap elementor-element-populated\">\n\t\t\t\t\t\t\t\t<div class=\"elementor-element elementor-element-8ae80df elementor-widget elementor-widget-heading\" data-id=\"8ae80df\" data-element_type=\"widget\" data-widget_type=\"heading.default\">\n\t\t\t\t<div class=\"elementor-widget-container\">\n\t\t\t<h3 class=\"elementor-heading-title elementor-size-default\">LEAVE US A MESSAGE!<\/h3>\t\t<\/div>\n\t\t\t\t<\/div>\n\t\t\t\t<div class=\"elementor-element elementor-element-ece3520 elementor-widget elementor-widget-shortcode\" data-id=\"ece3520\" data-element_type=\"widget\" data-widget_type=\"shortcode.default\">\n\t\t\t\t<div class=\"elementor-widget-container\">\n\t\t\t\t\t<div class=\"elementor-shortcode\">\n<div class=\"wpcf7 no-js\" id=\"wpcf7-f57-o1\" lang=\"en-US\" dir=\"ltr\">\n<div class=\"screen-reader-response\"><p role=\"status\" aria-live=\"polite\" aria-atomic=\"true\"><\/p> <ul><\/ul><\/div>\n<form action=\"\/en\/wp-json\/wp\/v2\/pages\/93#wpcf7-f57-o1\" method=\"post\" class=\"wpcf7-form init\" aria-label=\"Contact form\" novalidate=\"novalidate\" data-status=\"init\" data-trp-original-action=\"\/en\/wp-json\/wp\/v2\/pages\/93#wpcf7-f57-o1\">\n<div style=\"display: none;\">\n<input type=\"hidden\" name=\"_wpcf7\" value=\"57\" \/>\n<input type=\"hidden\" name=\"_wpcf7_version\" value=\"5.7.7\" \/>\n<input type=\"hidden\" name=\"_wpcf7_locale\" value=\"en_US\" \/>\n<input type=\"hidden\" name=\"_wpcf7_unit_tag\" value=\"wpcf7-f57-o1\" \/>\n<input type=\"hidden\" name=\"_wpcf7_container_post\" value=\"0\" \/>\n<input type=\"hidden\" name=\"_wpcf7_posted_data_hash\" value=\"\" \/>\n<\/div>\n<div class=\"main-form\">\n\t<div class=\"row\">\n\t\t<div class=\"col-sm-6\">\n\t\t\t<div class=\"input-group\">\n\t\t\t\t<p><span class=\"wpcf7-form-control-wrap\" data-name=\"your-name\"><input size=\"40\" class=\"wpcf7-form-control wpcf7-text\" aria-invalid=\"false\" placeholder=\"Name and Surname\" value=\"\" type=\"text\" name=\"your-name\" \/><\/span>\n\t\t\t\t<\/p>\n\t\t\t<\/div>\n\t\t<\/div>\n\t\t<div class=\"col-sm-6\">\n\t\t\t<div class=\"input-group\">\n\t\t\t\t<p><span class=\"wpcf7-form-control-wrap\" data-name=\"your-email\"><input size=\"40\" class=\"wpcf7-form-control wpcf7-text wpcf7-email wpcf7-validates-as-required wpcf7-validates-as-email\" aria-required=\"true\" aria-invalid=\"false\" placeholder=\"Your E-Mail Adress\" value=\"\" type=\"email\" name=\"your-email\" \/><\/span>\n\t\t\t\t<\/p>\n\t\t\t<\/div>\n\t\t<\/div>\n\t\t<div class=\"col-sm-6\">\n\t\t\t<div class=\"input-group\">\n\t\t\t\t<p><span class=\"wpcf7-form-control-wrap\" data-name=\"your-phone\"><input size=\"40\" class=\"wpcf7-form-control wpcf7-text\" aria-invalid=\"false\" placeholder=\"Your Phone Number\" value=\"\" type=\"text\" name=\"your-phone\" \/><\/span>\n\t\t\t\t<\/p>\n\t\t\t<\/div>\n\t\t<\/div>\n\t\t<div class=\"col-sm-6\">\n\t\t\t<div class=\"input-group\">\n\t\t\t\t<p><span class=\"wpcf7-form-control-wrap\" data-name=\"subject\"><input size=\"40\" class=\"wpcf7-form-control wpcf7-text\" aria-invalid=\"false\" placeholder=\"Subject\" value=\"\" type=\"text\" name=\"subject\" \/><\/span>\n\t\t\t\t<\/p>\n\t\t\t<\/div>\n\t\t<\/div>\n\t\t<div class=\"col-sm-12\">\n\t\t\t<div class=\"input-group input-button\">\n\t\t\t\t<p><span class=\"wpcf7-form-control-wrap\" data-name=\"area\"><input size=\"40\" class=\"wpcf7-form-control wpcf7-text\" aria-invalid=\"false\" placeholder=\"Your Message\" value=\"\" type=\"text\" name=\"area\" \/><\/span>\n\t\t\t\t<\/p>\n\t\t\t<\/div>\n\t\t<\/div>\n\t\t<div class=\"col-sm-12\">\n\t\t\t<div class=\"input-group input-button\">\n\t\t\t\t<p><input class=\"wpcf7-form-control has-spinner wpcf7-submit\" type=\"submit\" value=\"G\u00d6NDER\" \/>\n\t\t\t\t<\/p>\n\t\t\t<\/div>\n\t\t<\/div>\n\t<\/div>\n<\/div><div class=\"wpcf7-response-output\" aria-hidden=\"true\"><\/div>\n<input type=\"hidden\" name=\"trp-form-language\" value=\"en\"\/><\/form>\n<\/div>\n<\/div>\n\t\t\t\t<\/div>\n\t\t\t\t<\/div>\n\t\t\t\t\t<\/div>\n\t\t<\/div>\n\t\t\t\t\t\t\t<\/div>\n\t\t<\/section>\n\t\t\t\t\t\t\t<\/div>","protected":false},"excerpt":{"rendered":"<p>\u0130LET\u0130\u015e\u0130M KANALLARI Akl\u0131n\u0131za tak\u0131lanlar\u0131, fikir ve \u00f6nerilerinizi, \u015fikayetlerinizi, bizlere \u00e7ekinmeden ula\u015ft\u0131rabilir, t\u00fcm bu hususlar hakk\u0131nda a\u00e7\u0131klay\u0131c\u0131 bilgilere sahip olabilirsiniz. ADRES Okul Sok. Do\u011fan Apt. No: 28 D: 9 &#8211; Altunizade \u00dcsk\u00fcdar &#8211; \u0130stanbul TELEFON \/ FAX +90 (216) 327 12 35 (pbx) +90 (216) 327 12 36 MA\u0130L amphi@amphi.com.tr \u00c7ALI\u015eMA SAATLER\u0130 Pzt &#8211; Cuma: 09.00 &hellip; <a href=\"https:\/\/amphi.com.tr\/en\/iletisim\/\" class=\"more-link\" title=\"Continue reading <span class=\"screen-reader-text\">Contact<\/span>&#8220;>Continue reading <span class=\"screen-reader-text\">Contact<\/span><\/a><\/p>","protected":false},"author":1,"featured_media":0,"parent":0,"menu_order":28,"comment_status":"closed","ping_status":"closed","template":"","meta":[],"_links":{"self":[{"href":"https:\/\/amphi.com.tr\/en\/wp-json\/wp\/v2\/pages\/93"}],"collection":[{"href":"https:\/\/amphi.com.tr\/en\/wp-json\/wp\/v2\/pages"}],"about":[{"href":"https:\/\/amphi.com.tr\/en\/wp-json\/wp\/v2\/types\/page"}],"author":[{"embeddable":true,"href":"https:\/\/amphi.com.tr\/en\/wp-json\/wp\/v2\/users\/1"}],"replies":[{"embeddable":true,"href":"https:\/\/amphi.com.tr\/en\/wp-json\/wp\/v2\/comments?post=93"}],"version-history":[{"count":10,"href":"https:\/\/amphi.com.tr\/en\/wp-json\/wp\/v2\/pages\/93\/revisions"}],"predecessor-version":[{"id":530,"href":"https:\/\/amphi.com.tr\/en\/wp-json\/wp\/v2\/pages\/93\/revisions\/530"}],"wp:attachment":[{"href":"https:\/\/amphi.com.tr\/en\/wp-json\/wp\/v2\/media?parent=93"}],"curies":[{"name":"wp","href":"https:\/\/api.w.org\/{rel}","templated":true}]}}